{"id":564,"date":"2025-10-24T08:58:49","date_gmt":"2025-10-24T08:58:49","guid":{"rendered":"http:\/\/no2ndplanet.com\/imprint\/"},"modified":"2025-10-28T09:56:00","modified_gmt":"2025-10-28T09:56:00","slug":"imprint","status":"publish","type":"page","link":"https:\/\/no2ndplanet.com\/en\/imprint\/","title":{"rendered":"Imprint"},"content":{"rendered":"<p>[et_pb_section fb_built=&#8221;1&#8243; admin_label=&#8221;section&#8221; _builder_version=&#8221;4.27.4&#8243; background_color=&#8221;#d3ecdc&#8221; global_colors_info=&#8221;{}&#8221;][et_pb_row admin_label=&#8221;row&#8221; _builder_version=&#8221;4.27.4&#8243; background_size=&#8221;initial&#8221; background_position=&#8221;top_left&#8221; background_repeat=&#8221;repeat&#8221; custom_padding=&#8221;20px||30px||false|false&#8221; global_colors_info=&#8221;{}&#8221;][et_pb_column type=&#8221;4_4&#8243; _builder_version=&#8221;4.16&#8243; custom_padding=&#8221;|||&#8221; global_colors_info=&#8221;{}&#8221; custom_padding__hover=&#8221;|||&#8221;][et_pb_text _builder_version=&#8221;4.27.4&#8243; _module_preset=&#8221;default&#8221; header_font=&#8221;|700|||||||&#8221; header_text_align=&#8221;center&#8221; header_text_color=&#8221;#295933&#8243; header_font_size=&#8221;56px&#8221; header_line_height=&#8221;61px&#8221; text_orientation=&#8221;center&#8221; custom_padding=&#8221;||||false|false&#8221; custom_css_free_form=&#8221;h1.end-to-end-gradient{||  padding-bottom: 40px;||}&#8221; global_colors_info=&#8221;{}&#8221;]<\/p>\n<h1>Imprint<\/h1>\n<p>[\/et_pb_text][et_pb_divider divider_weight=&#8221;2px&#8221; _builder_version=&#8221;4.27.4&#8243; _module_preset=&#8221;default&#8221; max_width=&#8221;5%&#8221; module_alignment=&#8221;center&#8221; custom_margin=&#8221;||10px||false|false&#8221; global_colors_info=&#8221;{}&#8221;][\/et_pb_divider][et_pb_text _builder_version=&#8221;4.27.4&#8243; _module_preset=&#8221;default&#8221; text_font=&#8221;|||on|||||&#8221; text_text_color=&#8221;#231f20&#8243; text_font_size=&#8221;14px&#8221; text_line_height=&#8221;20px&#8221; text_orientation=&#8221;center&#8221; custom_margin=&#8221;||||false|false&#8221; global_colors_info=&#8221;{}&#8221;]<\/p>\n<p>Information according to \u00a7 5 TMG<\/p>\n<p>[\/et_pb_text][\/et_pb_column][\/et_pb_row][\/et_pb_section][et_pb_section fb_built=&#8221;1&#8243; admin_label=&#8221;section&#8221; module_id=&#8221;content&#8221; _builder_version=&#8221;4.27.4&#8243; background_color=&#8221;rgba(228,240,251,0.25)&#8221; global_colors_info=&#8221;{}&#8221;][et_pb_row use_custom_gutter=&#8221;on&#8221; gutter_width=&#8221;2&#8243; make_equal=&#8221;on&#8221; _builder_version=&#8221;4.27.4&#8243; _module_preset=&#8221;default&#8221; max_width=&#8221;832px&#8221; custom_padding=&#8221;||||true|false&#8221; hover_enabled=&#8221;0&#8243; global_colors_info=&#8221;{}&#8221; sticky_enabled=&#8221;0&#8243;][et_pb_column type=&#8221;4_4&#8243; _builder_version=&#8221;4.27.4&#8243; _module_preset=&#8221;default&#8221; background_color=&#8221;#FFFFFF&#8221; custom_padding=&#8221;2.5vw|2.5vw|2.5vw|2.5vw|true|true&#8221; hover_enabled=&#8221;0&#8243; border_radii=&#8221;on|15px|15px|15px|15px&#8221; border_width_all=&#8221;3px&#8221; border_color_all=&#8221;#295933&#8243; global_colors_info=&#8221;{}&#8221; custom_padding_last_edited=&#8221;on|phone&#8221; sticky_enabled=&#8221;0&#8243; custom_padding_tablet=&#8221;5vw|5vw|5vw|5vw|true|true&#8221; custom_padding_phone=&#8221;8vw|8vw|8vw|8vw|true|true&#8221;][et_pb_text _builder_version=&#8221;4.27.4&#8243; _module_preset=&#8221;default&#8221; text_font=&#8221;|700|||||||&#8221; text_text_color=&#8221;#231f20&#8243; text_font_size=&#8221;24px&#8221; text_line_height=&#8221;32px&#8221; header_2_font=&#8221;|800|||||||&#8221; header_2_text_color=&#8221;#231f20&#8243; header_2_font_size=&#8221;24px&#8221; header_2_line_height=&#8221;32px&#8221; custom_margin=&#8221;||||false|false&#8221; custom_padding=&#8221;||||false|false&#8221; custom_css_free_form=&#8221;.bold{||  font-weight: 900!important;||}||h2.bold.inter {||  position: relative;||  color: #295933;||  display: inline-block;||  padding-left: 20px; \/* space for the border *\/||  padding-bottom:0px!important;||}||||h2.bold.inter::before {||  content: %22%22;||  position: absolute;||  left: 0;||  top: 0;||  bottom: 0;||  width: 8px; \/* border thickness *\/||  background: #295933;||  border-radius: 10px; \/* rounds top and bottom ends *\/||}||||&#8221; border_color_left=&#8221;#295933&#8243; global_colors_info=&#8221;{}&#8221;]<\/p>\n<h2 class=\"bold inter\">Contact Information<\/h2>\n<p>[\/et_pb_text][et_pb_text _builder_version=&#8221;4.27.4&#8243; _module_preset=&#8221;default&#8221; text_font=&#8221;|300|||||||&#8221; text_text_color=&#8221;#231f20&#8243; text_font_size=&#8221;16px&#8221; text_line_height=&#8221;32px&#8221; custom_css_main_element=&#8221;font-weight: 400;&#8221; global_colors_info=&#8221;{}&#8221;]<strong>Bj\u00f6rn Gallenkamp<\/strong><br \/>\n<strong>ECKO-PACK GmbH<\/strong><br \/>\nWasbeker Str. 324<br \/>\n24537 Neum\u00fcnster[\/et_pb_text][et_pb_divider color=&#8221;rgba(41,89,51,0.24)&#8221; _builder_version=&#8221;4.27.4&#8243; _module_preset=&#8221;default&#8221; custom_padding=&#8221;20px||||false|false&#8221; global_colors_info=&#8221;{}&#8221;][\/et_pb_divider][et_pb_text _builder_version=&#8221;4.27.4&#8243; _module_preset=&#8221;default&#8221; text_font=&#8221;|700|||||||&#8221; text_text_color=&#8221;#231f20&#8243; text_font_size=&#8221;24px&#8221; text_line_height=&#8221;32px&#8221; header_2_font=&#8221;|800|||||||&#8221; header_2_text_color=&#8221;#231f20&#8243; header_2_font_size=&#8221;24px&#8221; header_2_line_height=&#8221;32px&#8221; custom_margin=&#8221;||||false|false&#8221; custom_padding=&#8221;||||false|false&#8221; custom_css_free_form=&#8221;.bold{||  font-weight: 900!important;||}||h2.bold.inter {||  position: relative;||  color: #295933;||  display: inline-block;||  padding-left: 20px; \/* space for the border *\/||  padding-bottom:0px!important;||}||||h2.bold.inter::before {||  content: %22%22;||  position: absolute;||  left: 0;||  top: 0;||  bottom: 0;||  width: 8px; \/* border thickness *\/||  background: #295933;||  border-radius: 10px; \/* rounds top and bottom ends *\/||}||||&#8221; border_color_left=&#8221;#295933&#8243; global_colors_info=&#8221;{}&#8221;]<\/p>\n<h2 class=\"bold inter\">Kontakt<\/h2>\n<p>[\/et_pb_text][et_pb_text _builder_version=&#8221;4.27.4&#8243; _module_preset=&#8221;default&#8221; text_font=&#8221;|300|||||||&#8221; text_text_color=&#8221;#231f20&#8243; text_font_size=&#8221;16px&#8221; text_line_height=&#8221;32px&#8221; custom_css_main_element=&#8221;font-weight: 400;&#8221; global_colors_info=&#8221;{}&#8221;]<strong>Telephone:<\/strong><span> <\/span><a href=\"tel:+4943311348\" class=\"hover:text-primary transition-colors\">+49 (0) 4331-13480<\/a><br \/>\n<strong>Telefax:<\/strong><span> <\/span>+49 (0) 4331 1348 999<br \/>\n<strong>E-mail:<\/strong><span> <\/span><a href=\"mailto:info@no2planet.com\" class=\"hover:text-primary transition-colors\">info@no2planet.com<\/a>[\/et_pb_text][et_pb_divider color=&#8221;rgba(41,89,51,0.24)&#8221; _builder_version=&#8221;4.27.4&#8243; _module_preset=&#8221;default&#8221; custom_padding=&#8221;20px||||false|false&#8221; global_colors_info=&#8221;{}&#8221;][\/et_pb_divider][et_pb_text _builder_version=&#8221;4.27.4&#8243; _module_preset=&#8221;default&#8221; text_font=&#8221;|700|||||||&#8221; text_text_color=&#8221;#231f20&#8243; text_font_size=&#8221;24px&#8221; text_line_height=&#8221;32px&#8221; header_2_font=&#8221;|800|||||||&#8221; header_2_text_color=&#8221;#231f20&#8243; header_2_font_size=&#8221;24px&#8221; header_2_line_height=&#8221;32px&#8221; custom_margin=&#8221;||||false|false&#8221; custom_padding=&#8221;||||false|false&#8221; custom_css_free_form=&#8221;.bold{||  font-weight: 900!important;||}||h2.bold.inter {||  position: relative;||  color: #295933;||  display: inline-block;||  padding-left: 20px; \/* space for the border *\/||  padding-bottom:0px!important;||}||||h2.bold.inter::before {||  content: %22%22;||  position: absolute;||  left: 0;||  top: 0;||  bottom: 0;||  width: 8px; \/* border thickness *\/||  background: #295933;||  border-radius: 10px; \/* rounds top and bottom ends *\/||}||||&#8221; border_color_left=&#8221;#295933&#8243; global_colors_info=&#8221;{}&#8221;]<\/p>\n<h2 class=\"bold inter\">Responsible for the Content<\/h2>\n<p>[\/et_pb_text][et_pb_text _builder_version=&#8221;4.27.4&#8243; _module_preset=&#8221;default&#8221; text_font=&#8221;|300|||||||&#8221; text_text_color=&#8221;#231f20&#8243; text_font_size=&#8221;16px&#8221; text_line_height=&#8221;32px&#8221; custom_css_main_element=&#8221;font-weight: 400;&#8221; custom_css_free_form=&#8221;.light{||  font-size: 14px;||}&#8221; global_colors_info=&#8221;{}&#8221;]<span class=\"light\">according to \u00a7 55 Para. 2 RStV:<\/span><\/p>\n<p><strong>Bj\u00f6rn Gallenkamp, Carmen Ungnade-T\u00e4uberecht<\/strong><br \/>\nTrichterbecherweg 6<br \/>\n24782 B\u00fcdelsdorf<br \/>\nGermany[\/et_pb_text][et_pb_divider color=&#8221;rgba(41,89,51,0.24)&#8221; _builder_version=&#8221;4.27.4&#8243; _module_preset=&#8221;default&#8221; custom_padding=&#8221;20px||||false|false&#8221; global_colors_info=&#8221;{}&#8221;][\/et_pb_divider][et_pb_text _builder_version=&#8221;4.27.4&#8243; _module_preset=&#8221;default&#8221; text_font=&#8221;|700|||||||&#8221; text_text_color=&#8221;#231f20&#8243; text_font_size=&#8221;24px&#8221; text_line_height=&#8221;32px&#8221; header_2_font=&#8221;|800|||||||&#8221; header_2_text_color=&#8221;#231f20&#8243; header_2_font_size=&#8221;24px&#8221; header_2_line_height=&#8221;32px&#8221; custom_margin=&#8221;||||false|false&#8221; custom_padding=&#8221;||||false|false&#8221; custom_css_free_form=&#8221;.bold{||  font-weight: 900!important;||}||h2.bold.inter {||  position: relative;||  color: #295933;||  display: inline-block;||  padding-left: 20px; \/* space for the border *\/||  padding-bottom:0px!important;||}||||h2.bold.inter::before {||  content: %22%22;||  position: absolute;||  left: 0;||  top: 0;||  bottom: 0;||  width: 8px; \/* border thickness *\/||  background: #295933;||  border-radius: 10px; \/* rounds top and bottom ends *\/||}||||&#8221; border_color_left=&#8221;#295933&#8243; global_colors_info=&#8221;{}&#8221;]<\/p>\n<h2 class=\"bold inter\">Dispute Resolution<\/h2>\n<p>[\/et_pb_text][et_pb_text _builder_version=&#8221;4.27.4&#8243; _module_preset=&#8221;default&#8221; text_font=&#8221;|300|||||||&#8221; text_text_color=&#8221;#231f20&#8243; text_font_size=&#8221;16px&#8221; text_line_height=&#8221;32px&#8221; custom_css_main_element=&#8221;font-weight: 400;&#8221; custom_css_free_form=&#8221;.light{||  font-size: 14px;||}&#8221; global_colors_info=&#8221;{}&#8221;]<span class=\"light\">The European Commission provides a platform for online dispute resolution (OS). You can find our e-mail address at the top of the imprint.<\/span><\/p>\n<p><span class=\"light\">We are not willing or obliged to participate in dispute resolution proceedings before a consumer arbitration board.<\/span>[\/et_pb_text][et_pb_divider color=&#8221;rgba(41,89,51,0.24)&#8221; _builder_version=&#8221;4.27.4&#8243; _module_preset=&#8221;default&#8221; custom_padding=&#8221;20px||||false|false&#8221; global_colors_info=&#8221;{}&#8221;][\/et_pb_divider][et_pb_text _builder_version=&#8221;4.27.4&#8243; _module_preset=&#8221;default&#8221; text_font=&#8221;|700|||||||&#8221; text_text_color=&#8221;#231f20&#8243; text_font_size=&#8221;24px&#8221; text_line_height=&#8221;32px&#8221; header_2_font=&#8221;|800|||||||&#8221; header_2_text_color=&#8221;#231f20&#8243; header_2_font_size=&#8221;24px&#8221; header_2_line_height=&#8221;32px&#8221; custom_margin=&#8221;||||false|false&#8221; custom_padding=&#8221;||||false|false&#8221; custom_css_free_form=&#8221;.bold{||  font-weight: 900!important;||}||h2.bold.inter {||  position: relative;||  color: #295933;||  display: inline-block;||  padding-left: 20px; \/* space for the border *\/||  padding-bottom:0px!important;||}||||h2.bold.inter::before {||  content: %22%22;||  position: absolute;||  left: 0;||  top: 0;||  bottom: 0;||  width: 8px; \/* border thickness *\/||  background: #295933;||  border-radius: 10px; \/* rounds top and bottom ends *\/||}||||&#8221; border_color_left=&#8221;#295933&#8243; global_colors_info=&#8221;{}&#8221;]<\/p>\n<h2 class=\"bold inter\">Liability for Content<\/h2>\n<p>[\/et_pb_text][et_pb_text _builder_version=&#8221;4.27.4&#8243; _module_preset=&#8221;default&#8221; text_font=&#8221;|300|||||||&#8221; text_text_color=&#8221;#231f20&#8243; text_font_size=&#8221;16px&#8221; text_line_height=&#8221;32px&#8221; custom_css_main_element=&#8221;font-weight: 400;&#8221; custom_css_free_form=&#8221;.light{||  font-size: 14px;||}&#8221; global_colors_info=&#8221;{}&#8221;]<span class=\"light\">As a service provider, we are responsible for our own content on these pages in accordance with general laws pursuant to \u00a7 7 Para.1 DDG (Digital Services Act). According to \u00a7\u00a7 8 to 10 DDG, however, we are not obliged as service providers to monitor transmitted or stored external information or to investigate circumstances that indicate illegal activity.<\/span><\/p>\n<p><span class=\"light\">Obligations to remove or block the use of information according to general laws remain unaffected. However, liability in this regard is only possible from the point in time at which a concrete violation of the law becomes known. If we become aware of corresponding violations of the law, we will remove this content immediately.<\/span>[\/et_pb_text][et_pb_divider color=&#8221;rgba(41,89,51,0.24)&#8221; _builder_version=&#8221;4.27.4&#8243; _module_preset=&#8221;default&#8221; custom_padding=&#8221;20px||||false|false&#8221; global_colors_info=&#8221;{}&#8221;][\/et_pb_divider][et_pb_text _builder_version=&#8221;4.27.4&#8243; _module_preset=&#8221;default&#8221; text_font=&#8221;|700|||||||&#8221; text_text_color=&#8221;#231f20&#8243; text_font_size=&#8221;24px&#8221; text_line_height=&#8221;32px&#8221; header_2_font=&#8221;|800|||||||&#8221; header_2_text_color=&#8221;#231f20&#8243; header_2_font_size=&#8221;24px&#8221; header_2_line_height=&#8221;32px&#8221; custom_margin=&#8221;||||false|false&#8221; custom_padding=&#8221;||||false|false&#8221; custom_css_free_form=&#8221;.bold{||  font-weight: 900!important;||}||h2.bold.inter {||  position: relative;||  color: #295933;||  display: inline-block;||  padding-left: 20px; \/* space for the border *\/||  padding-bottom:0px!important;||}||||h2.bold.inter::before {||  content: %22%22;||  position: absolute;||  left: 0;||  top: 0;||  bottom: 0;||  width: 8px; \/* border thickness *\/||  background: #295933;||  border-radius: 10px; \/* rounds top and bottom ends *\/||}||||&#8221; border_color_left=&#8221;#295933&#8243; global_colors_info=&#8221;{}&#8221;]<\/p>\n<h2 class=\"bold inter\">Liability for Links<\/h2>\n<p>[\/et_pb_text][et_pb_text _builder_version=&#8221;4.27.4&#8243; _module_preset=&#8221;default&#8221; text_font=&#8221;|300|||||||&#8221; text_text_color=&#8221;#231f20&#8243; text_font_size=&#8221;16px&#8221; text_line_height=&#8221;32px&#8221; custom_css_main_element=&#8221;font-weight: 400;&#8221; custom_css_free_form=&#8221;.light{||  font-size: 14px;||}&#8221; global_colors_info=&#8221;{}&#8221;]<span class=\"light\">Our offer contains links to external websites of third parties, on whose content we have no influence. Therefore, we cannot assume any liability for this external content. The respective provider or operator of the pages is always responsible for the content of the linked pages. The linked pages were checked for possible legal violations at the time of linking. Illegal content was not recognizable at the time of linking.<\/span><\/p>\n<p><span class=\"light\">However, a permanent control of the content of the linked pages is not reasonable without concrete evidence of a violation of the law. If we become aware of legal violations, we will remove such links immediately.<\/span>[\/et_pb_text][et_pb_divider color=&#8221;rgba(41,89,51,0.24)&#8221; _builder_version=&#8221;4.27.4&#8243; _module_preset=&#8221;default&#8221; custom_padding=&#8221;20px||||false|false&#8221; global_colors_info=&#8221;{}&#8221;][\/et_pb_divider][et_pb_text _builder_version=&#8221;4.27.4&#8243; _module_preset=&#8221;default&#8221; text_font=&#8221;|700|||||||&#8221; text_text_color=&#8221;#231f20&#8243; text_font_size=&#8221;24px&#8221; text_line_height=&#8221;32px&#8221; header_2_font=&#8221;|800|||||||&#8221; header_2_text_color=&#8221;#231f20&#8243; header_2_font_size=&#8221;24px&#8221; header_2_line_height=&#8221;32px&#8221; custom_margin=&#8221;||||false|false&#8221; custom_padding=&#8221;||||false|false&#8221; custom_css_free_form=&#8221;.bold{||  font-weight: 900!important;||}||h2.bold.inter {||  position: relative;||  color: #295933;||  display: inline-block;||  padding-left: 20px; \/* space for the border *\/||  padding-bottom:0px!important;||}||||h2.bold.inter::before {||  content: %22%22;||  position: absolute;||  left: 0;||  top: 0;||  bottom: 0;||  width: 8px; \/* border thickness *\/||  background: #295933;||  border-radius: 10px; \/* rounds top and bottom ends *\/||}||||&#8221; border_color_left=&#8221;#295933&#8243; global_colors_info=&#8221;{}&#8221;]<\/p>\n<h2 class=\"bold inter\">Copyright<\/h2>\n<p>[\/et_pb_text][et_pb_text _builder_version=&#8221;4.27.4&#8243; _module_preset=&#8221;default&#8221; text_font=&#8221;|300|||||||&#8221; text_text_color=&#8221;#231f20&#8243; text_font_size=&#8221;16px&#8221; text_line_height=&#8221;32px&#8221; custom_css_main_element=&#8221;font-weight: 400;&#8221; custom_css_free_form=&#8221;.light{||  font-size: 14px;||}&#8221; global_colors_info=&#8221;{}&#8221;]<span class=\"light\">The content and works created by the site operators on these pages are subject to German copyright law. The duplication, processing, distribution and any kind of use outside the limits of copyright law require the written consent of the respective author or creator. Downloads and copies of this page are only permitted for private, non-commercial use.<\/span><\/p>\n<p><span class=\"light\">Insofar as the content on this page was not created by the operator, the copyrights of third parties are respected. In particular, third-party content is identified as such. Should you nevertheless become aware of a copyright infringement, please inform us accordingly. If we become aware of legal violations, we will remove such content immediately.<\/span>[\/et_pb_text][\/et_pb_column][\/et_pb_row][\/et_pb_section]<\/p>\n","protected":false},"excerpt":{"rendered":"<p>ImprintInformation according to \u00a7 5 TMGContact InformationBj\u00f6rn Gallenkamp ECKO-PACK GmbH Wasbeker Str. 324 24537 Neum\u00fcnsterKontaktTelephone: +49 (0) 4331-13480 Telefax: +49 (0) 4331 1348 999 E-mail: info@no2planet.comResponsible for the Contentaccording to \u00a7 55 Para. 2 RStV: Bj\u00f6rn Gallenkamp, Carmen Ungnade-T\u00e4uberecht Trichterbecherweg 6 24782 B\u00fcdelsdorf GermanyDispute ResolutionThe European Commission provides a platform for online dispute resolution (OS). [&hellip;]<\/p>\n","protected":false},"author":1,"featured_media":0,"parent":0,"menu_order":0,"comment_status":"closed","ping_status":"closed","template":"","meta":{"_et_pb_use_builder":"on","_et_pb_old_content":"","_et_gb_content_width":"","footnotes":""},"class_list":["post-564","page","type-page","status-publish","hentry"],"yoast_head":"<!-- This site is optimized with the Yoast SEO plugin v26.2 - https:\/\/yoast.com\/wordpress\/plugins\/seo\/ -->\n<title>Imprint - No2ndPlanet<\/title>\n<meta name=\"robots\" content=\"noindex, nofollow\" \/>\n<meta property=\"og:locale\" content=\"en_US\" \/>\n<meta property=\"og:type\" content=\"article\" \/>\n<meta property=\"og:title\" content=\"Imprint - No2ndPlanet\" \/>\n<meta property=\"og:description\" content=\"ImprintInformation according to \u00a7 5 TMGContact InformationBj\u00f6rn Gallenkamp ECKO-PACK GmbH Wasbeker Str. 324 24537 Neum\u00fcnsterKontaktTelephone: +49 (0) 4331-13480 Telefax: +49 (0) 4331 1348 999 E-mail: info@no2planet.comResponsible for the Contentaccording to \u00a7 55 Para. 2 RStV: Bj\u00f6rn Gallenkamp, Carmen Ungnade-T\u00e4uberecht Trichterbecherweg 6 24782 B\u00fcdelsdorf GermanyDispute ResolutionThe European Commission provides a platform for online dispute resolution (OS). [&hellip;]\" \/>\n<meta property=\"og:url\" content=\"https:\/\/no2ndplanet.com\/impressum\/\" \/>\n<meta property=\"og:site_name\" content=\"No2ndPlanet\" \/>\n<meta property=\"article:modified_time\" content=\"2025-10-28T09:56:00+00:00\" \/>\n<meta name=\"twitter:card\" content=\"summary_large_image\" \/>\n<meta name=\"twitter:label1\" content=\"Est. reading time\" \/>\n\t<meta name=\"twitter:data1\" content=\"9 minutes\" \/>\n<script type=\"application\/ld+json\" class=\"yoast-schema-graph\">{\"@context\":\"https:\/\/schema.org\",\"@graph\":[{\"@type\":\"WebPage\",\"@id\":\"https:\/\/no2ndplanet.com\/impressum\/\",\"url\":\"https:\/\/no2ndplanet.com\/impressum\/\",\"name\":\"Imprint - No2ndPlanet\",\"isPartOf\":{\"@id\":\"https:\/\/no2ndplanet.com\/#website\"},\"datePublished\":\"2025-10-24T08:58:49+00:00\",\"dateModified\":\"2025-10-28T09:56:00+00:00\",\"breadcrumb\":{\"@id\":\"https:\/\/no2ndplanet.com\/impressum\/#breadcrumb\"},\"inLanguage\":\"en-US\",\"potentialAction\":[{\"@type\":\"ReadAction\",\"target\":[\"https:\/\/no2ndplanet.com\/impressum\/\"]}]},{\"@type\":\"BreadcrumbList\",\"@id\":\"https:\/\/no2ndplanet.com\/impressum\/#breadcrumb\",\"itemListElement\":[{\"@type\":\"ListItem\",\"position\":1,\"name\":\"Startseite\",\"item\":\"https:\/\/no2ndplanet.com\/en\/\"},{\"@type\":\"ListItem\",\"position\":2,\"name\":\"Imprint\"}]},{\"@type\":\"WebSite\",\"@id\":\"https:\/\/no2ndplanet.com\/#website\",\"url\":\"https:\/\/no2ndplanet.com\/\",\"name\":\"No2ndPlanet\",\"description\":\"Rewrite the Rulebook of Disposables | Home-Compostable Cutlery\",\"potentialAction\":[{\"@type\":\"SearchAction\",\"target\":{\"@type\":\"EntryPoint\",\"urlTemplate\":\"https:\/\/no2ndplanet.com\/?s={search_term_string}\"},\"query-input\":{\"@type\":\"PropertyValueSpecification\",\"valueRequired\":true,\"valueName\":\"search_term_string\"}}],\"inLanguage\":\"en-US\"}]}<\/script>\n<!-- \/ Yoast SEO plugin. -->","yoast_head_json":{"title":"Imprint - No2ndPlanet","robots":{"index":"noindex","follow":"nofollow"},"og_locale":"en_US","og_type":"article","og_title":"Imprint - No2ndPlanet","og_description":"ImprintInformation according to \u00a7 5 TMGContact InformationBj\u00f6rn Gallenkamp ECKO-PACK GmbH Wasbeker Str. 324 24537 Neum\u00fcnsterKontaktTelephone: +49 (0) 4331-13480 Telefax: +49 (0) 4331 1348 999 E-mail: info@no2planet.comResponsible for the Contentaccording to \u00a7 55 Para. 2 RStV: Bj\u00f6rn Gallenkamp, Carmen Ungnade-T\u00e4uberecht Trichterbecherweg 6 24782 B\u00fcdelsdorf GermanyDispute ResolutionThe European Commission provides a platform for online dispute resolution (OS). [&hellip;]","og_url":"https:\/\/no2ndplanet.com\/impressum\/","og_site_name":"No2ndPlanet","article_modified_time":"2025-10-28T09:56:00+00:00","twitter_card":"summary_large_image","twitter_misc":{"Est. reading time":"9 minutes"},"schema":{"@context":"https:\/\/schema.org","@graph":[{"@type":"WebPage","@id":"https:\/\/no2ndplanet.com\/impressum\/","url":"https:\/\/no2ndplanet.com\/impressum\/","name":"Imprint - No2ndPlanet","isPartOf":{"@id":"https:\/\/no2ndplanet.com\/#website"},"datePublished":"2025-10-24T08:58:49+00:00","dateModified":"2025-10-28T09:56:00+00:00","breadcrumb":{"@id":"https:\/\/no2ndplanet.com\/impressum\/#breadcrumb"},"inLanguage":"en-US","potentialAction":[{"@type":"ReadAction","target":["https:\/\/no2ndplanet.com\/impressum\/"]}]},{"@type":"BreadcrumbList","@id":"https:\/\/no2ndplanet.com\/impressum\/#breadcrumb","itemListElement":[{"@type":"ListItem","position":1,"name":"Startseite","item":"https:\/\/no2ndplanet.com\/en\/"},{"@type":"ListItem","position":2,"name":"Imprint"}]},{"@type":"WebSite","@id":"https:\/\/no2ndplanet.com\/#website","url":"https:\/\/no2ndplanet.com\/","name":"No2ndPlanet","description":"Rewrite the Rulebook of Disposables | Home-Compostable Cutlery","potentialAction":[{"@type":"SearchAction","target":{"@type":"EntryPoint","urlTemplate":"https:\/\/no2ndplanet.com\/?s={search_term_string}"},"query-input":{"@type":"PropertyValueSpecification","valueRequired":true,"valueName":"search_term_string"}}],"inLanguage":"en-US"}]}},"_links":{"self":[{"href":"https:\/\/no2ndplanet.com\/en\/wp-json\/wp\/v2\/pages\/564","targetHints":{"allow":["GET"]}}],"collection":[{"href":"https:\/\/no2ndplanet.com\/en\/wp-json\/wp\/v2\/pages"}],"about":[{"href":"https:\/\/no2ndplanet.com\/en\/wp-json\/wp\/v2\/types\/page"}],"author":[{"embeddable":true,"href":"https:\/\/no2ndplanet.com\/en\/wp-json\/wp\/v2\/users\/1"}],"replies":[{"embeddable":true,"href":"https:\/\/no2ndplanet.com\/en\/wp-json\/wp\/v2\/comments?post=564"}],"version-history":[{"count":3,"href":"https:\/\/no2ndplanet.com\/en\/wp-json\/wp\/v2\/pages\/564\/revisions"}],"predecessor-version":[{"id":872,"href":"https:\/\/no2ndplanet.com\/en\/wp-json\/wp\/v2\/pages\/564\/revisions\/872"}],"wp:attachment":[{"href":"https:\/\/no2ndplanet.com\/en\/wp-json\/wp\/v2\/media?parent=564"}],"curies":[{"name":"wp","href":"https:\/\/api.w.org\/{rel}","templated":true}]}}