{"id":561,"date":"2025-10-24T09:37:44","date_gmt":"2025-10-24T09:37:44","guid":{"rendered":"http:\/\/no2ndplanet.com\/widerruf\/"},"modified":"2025-10-28T09:58:32","modified_gmt":"2025-10-28T09:58:32","slug":"widerruf","status":"publish","type":"page","link":"https:\/\/no2ndplanet.com\/en\/widerruf\/","title":{"rendered":"Widerruf"},"content":{"rendered":"<p>[et_pb_section fb_built=&#8221;1&#8243; admin_label=&#8221;section&#8221; _builder_version=&#8221;4.27.4&#8243; background_color=&#8221;#d3ecdc&#8221; global_colors_info=&#8221;{}&#8221;][et_pb_row admin_label=&#8221;row&#8221; _builder_version=&#8221;4.27.4&#8243; background_size=&#8221;initial&#8221; background_position=&#8221;top_left&#8221; background_repeat=&#8221;repeat&#8221; custom_padding=&#8221;20px||30px||false|false&#8221; global_colors_info=&#8221;{}&#8221;][et_pb_column type=&#8221;4_4&#8243; _builder_version=&#8221;4.16&#8243; custom_padding=&#8221;|||&#8221; global_colors_info=&#8221;{}&#8221; custom_padding__hover=&#8221;|||&#8221;][et_pb_text module_class=&#8221;space&#8221; _builder_version=&#8221;4.27.4&#8243; _module_preset=&#8221;default&#8221; header_font=&#8221;|700|||||||&#8221; header_text_align=&#8221;center&#8221; header_text_color=&#8221;#295933&#8243; header_font_size=&#8221;56px&#8221; header_line_height=&#8221;61px&#8221; text_orientation=&#8221;center&#8221; custom_margin=&#8221;||0px||false|false&#8221; custom_padding=&#8221;||||false|false&#8221; custom_css_free_form=&#8221;h1.end-to-end-gradient{||  padding-bottom: 40px;||}&#8221; global_colors_info=&#8221;{}&#8221;]<\/p>\n<h1>Widerrufsbelehrung<\/h1>\n<p>[\/et_pb_text][et_pb_code _builder_version=&#8221;4.27.4&#8243; _module_preset=&#8221;default&#8221; text_orientation=&#8221;center&#8221; global_colors_info=&#8221;{}&#8221;]<\/p>\n<div class=\" big-gradient-underline line-width\"> underline<!-- [et_pb_line_break_holder] --><\/div>\n<p>[\/et_pb_code][et_pb_text _builder_version=&#8221;4.27.4&#8243; _module_preset=&#8221;default&#8221; text_font=&#8221;|||on|||||&#8221; text_text_color=&#8221;#231f20&#8243; text_font_size=&#8221;14px&#8221; text_line_height=&#8221;20px&#8221; text_orientation=&#8221;center&#8221; custom_margin=&#8221;||||false|false&#8221; global_colors_info=&#8221;{}&#8221;]Informationen zum Widerrufsrecht[\/et_pb_text][\/et_pb_column][\/et_pb_row][\/et_pb_section][et_pb_section fb_built=&#8221;1&#8243; admin_label=&#8221;section&#8221; module_id=&#8221;content&#8221; _builder_version=&#8221;4.27.4&#8243; background_color=&#8221;rgba(228,240,251,0.25)&#8221; global_colors_info=&#8221;{}&#8221;][et_pb_row use_custom_gutter=&#8221;on&#8221; gutter_width=&#8221;2&#8243; make_equal=&#8221;on&#8221; _builder_version=&#8221;4.27.4&#8243; _module_preset=&#8221;default&#8221; max_width=&#8221;832px&#8221; custom_padding=&#8221;||||true|false&#8221; hover_enabled=&#8221;0&#8243; global_colors_info=&#8221;{}&#8221; sticky_enabled=&#8221;0&#8243;][et_pb_column type=&#8221;4_4&#8243; _builder_version=&#8221;4.27.4&#8243; _module_preset=&#8221;default&#8221; background_color=&#8221;#FFFFFF&#8221; custom_padding=&#8221;2.5vw|2.5vw|2.5vw|2.5vw|true|true&#8221; hover_enabled=&#8221;0&#8243; border_radii=&#8221;on|15px|15px|15px|15px&#8221; border_width_all=&#8221;3px&#8221; border_color_all=&#8221;#295933&#8243; global_colors_info=&#8221;{}&#8221; custom_padding_last_edited=&#8221;on|phone&#8221; sticky_enabled=&#8221;0&#8243; custom_padding_tablet=&#8221;5vw|5vw|5vw|5vw|true|true&#8221; custom_padding_phone=&#8221;8vw|8vw|8vw|8vw|true|true&#8221;][et_pb_text _builder_version=&#8221;4.27.4&#8243; _module_preset=&#8221;default&#8221; text_font=&#8221;|300|||||||&#8221; text_text_color=&#8221;#231f20&#8243; text_font_size=&#8221;14px&#8221; text_line_height=&#8221;24px&#8221; background_color=&#8221;rgba(211,236,220,0.24)&#8221; custom_margin=&#8221;||30px||false|false&#8221; custom_padding=&#8221;20px|20px|20px|20px|true|true&#8221; custom_css_main_element=&#8221;font-weight: 400;&#8221; border_radii=&#8221;on|15px|15px|15px|15px&#8221; border_width_all=&#8221;1px&#8221; border_color_all=&#8221;rgba(41,89,51,0.5)&#8221; global_colors_info=&#8221;{}&#8221;]<\/p>\n<h2 class=\"bold inter\">Wichtiger Hinweis<\/h2>\n<p>Kein Widerrufsrecht f\u00fcr Unternehmer: Das Widerrufsrecht gilt ausschlie\u00dflich f\u00fcr Verbraucher im Sinne des \u00a7 13 BGB. F\u00fcr Unternehmer (\u00a7 14 BGB) besteht kein gesetzliches Widerrufsrecht. &lt;.\/&gt;<\/p>\n<p>[\/et_pb_text][et_pb_text _builder_version=&#8221;4.27.4&#8243; _module_preset=&#8221;default&#8221; text_font=&#8221;|700|||||||&#8221; text_text_color=&#8221;#231f20&#8243; text_font_size=&#8221;24px&#8221; text_line_height=&#8221;32px&#8221; header_2_font=&#8221;|800|||||||&#8221; header_2_text_color=&#8221;#231f20&#8243; header_2_font_size=&#8221;24px&#8221; header_2_line_height=&#8221;32px&#8221; custom_margin=&#8221;||||false|false&#8221; custom_padding=&#8221;||||false|false&#8221; custom_css_free_form=&#8221;.bold{||  font-weight: 900!important;||}||h2.bold.inter {||  position: relative;||  color: #295933;||  display: inline-block;||  padding-left: 20px; \/* space for the border *\/||  padding-bottom:0px!important;||  font-family:%22Space Grotesk%22!important;||}||||h2.bold.inter::before {||  content: %22%22;||  position: absolute;||  left: 0;||  top: 0;||  bottom: 0;||  width: 8px; \/* border thickness *\/||  background: #295933;||  border-radius: 10px; \/* rounds top and bottom ends *\/||}||||&#8221; border_color_left=&#8221;#295933&#8243; global_colors_info=&#8221;{}&#8221;]<\/p>\n<h2 class=\"bold inter\">Widerrufsrecht f\u00fcr Verbraucher<\/h2>\n<p>[\/et_pb_text][et_pb_text _builder_version=&#8221;4.27.4&#8243; _module_preset=&#8221;default&#8221; text_font=&#8221;|300|||||||&#8221; text_text_color=&#8221;#231f20&#8243; text_font_size=&#8221;14px&#8221; text_line_height=&#8221;32px&#8221; custom_css_main_element=&#8221;font-weight: 400;&#8221; custom_css_free_form=&#8221;.light{||  font-size: 14px;||}&#8221; global_colors_info=&#8221;{}&#8221;]<\/p>\n<p class=\"font-semibold text-foreground text-base\"><strong>Sie haben das Recht, binnen vierzehn Tagen ohne Angabe von Gr\u00fcnden diesen Vertrag zu widerrufen.<\/strong><\/p>\n<p>Die Widerrufsfrist betr\u00e4gt vierzehn Tage ab dem Tag, an dem Sie oder ein von Ihnen benannter Dritter, der nicht der Bef\u00f6rderer ist, die Waren in Besitz genommen haben bzw. hat.<\/p>\n<p>Um Ihr Widerrufsrecht auszu\u00fcben, m\u00fcssen Sie uns:<\/p>\n<p>[\/et_pb_text][et_pb_text _builder_version=&#8221;4.27.4&#8243; _module_preset=&#8221;default&#8221; text_font=&#8221;|300|||||||&#8221; text_text_color=&#8221;#231f20&#8243; text_font_size=&#8221;14px&#8221; text_line_height=&#8221;24px&#8221; background_color=&#8221;rgba(211,236,220,0.24)&#8221; custom_margin=&#8221;||30px||false|false&#8221; custom_padding=&#8221;20px|20px|20px|20px|true|true&#8221; custom_css_main_element=&#8221;font-weight: 400;&#8221; border_radii=&#8221;on|15px|15px|15px|15px&#8221; border_width_all=&#8221;1px&#8221; border_color_all=&#8221;rgba(41,89,51,0.5)&#8221; global_colors_info=&#8221;{}&#8221;]<strong>ECKO-PACK GmbH<\/strong><br \/>\n<strong>Bj\u00f6rn Gallenkamp<\/strong><br \/>\nWasbeker Str. 324<br \/>\n24537 Neum\u00fcnster<\/p>\n<p class=\"mt-2\">E-Mail:<span> <\/span><a href=\"mailto:info@no2planet.com\" class=\"text-primary hover:underline\">info@no2planet.com<\/a><br \/>\nTelefon:<span> <\/span><a href=\"tel:+4943311348\" class=\"text-primary hover:underline\">+49 (0) 4331-13480<\/a><\/p>\n<p>[\/et_pb_text][et_pb_text _builder_version=&#8221;4.27.4&#8243; _module_preset=&#8221;default&#8221; text_font=&#8221;|300|||||||&#8221; text_text_color=&#8221;#231f20&#8243; text_font_size=&#8221;14px&#8221; text_line_height=&#8221;32px&#8221; custom_css_main_element=&#8221;font-weight: 400;&#8221; custom_css_free_form=&#8221;.light{||  font-size: 14px;||}&#8221; global_colors_info=&#8221;{}&#8221;]<\/p>\n<p>mittels einer eindeutigen Erkl\u00e4rung (z.B. ein mit der Post versandter Brief oder E-Mail) \u00fcber Ihren Entschluss, diesen Vertrag zu widerrufen, informieren.<\/p>\n<p>Zur Wahrung der Widerrufsfrist reicht es aus, dass Sie die Mitteilung \u00fcber die Aus\u00fcbung des Widerrufsrechts vor Ablauf der Widerrufsfrist absenden.<\/p>\n<p>[\/et_pb_text][et_pb_divider color=&#8221;rgba(41,89,51,0.24)&#8221; _builder_version=&#8221;4.27.4&#8243; _module_preset=&#8221;default&#8221; custom_padding=&#8221;20px||||false|false&#8221; global_colors_info=&#8221;{}&#8221;][\/et_pb_divider][et_pb_text _builder_version=&#8221;4.27.4&#8243; _module_preset=&#8221;default&#8221; text_font=&#8221;|700|||||||&#8221; text_text_color=&#8221;#231f20&#8243; text_font_size=&#8221;24px&#8221; text_line_height=&#8221;32px&#8221; header_2_font=&#8221;|800|||||||&#8221; header_2_text_color=&#8221;#231f20&#8243; header_2_font_size=&#8221;24px&#8221; header_2_line_height=&#8221;32px&#8221; custom_margin=&#8221;||||false|false&#8221; custom_padding=&#8221;||||false|false&#8221; custom_css_free_form=&#8221;.bold{||  font-weight: 900!important;||}||h2.bold.inter {||  position: relative;||  color: #295933;||  display: inline-block;||  padding-left: 20px; \/* space for the border *\/||  padding-bottom:0px!important;||}||||h2.bold.inter::before {||  content: %22%22;||  position: absolute;||  left: 0;||  top: 0;||  bottom: 0;||  width: 8px; \/* border thickness *\/||  background: #295933;||  border-radius: 10px; \/* rounds top and bottom ends *\/||}||||&#8221; border_color_left=&#8221;#295933&#8243; global_colors_info=&#8221;{}&#8221;]<\/p>\n<h2 class=\"bold inter\">Folgen des Widerrufs<\/h2>\n<p>[\/et_pb_text][et_pb_text _builder_version=&#8221;4.27.4&#8243; _module_preset=&#8221;default&#8221; text_font=&#8221;|300|||||||&#8221; text_text_color=&#8221;#231f20&#8243; text_font_size=&#8221;14px&#8221; text_line_height=&#8221;32px&#8221; custom_css_main_element=&#8221;font-weight: 400;&#8221; custom_css_free_form=&#8221;.light{||  font-size: 14px;||}&#8221; global_colors_info=&#8221;{}&#8221;]<\/p>\n<p>Wenn Sie diesen Vertrag widerrufen, haben wir Ihnen alle Zahlungen, die wir von Ihnen erhalten haben, einschlie\u00dflich der Lieferkosten (mit Ausnahme der zus\u00e4tzlichen Kosten, die sich daraus ergeben, dass Sie eine andere Art der Lieferung als die von uns angebotene, g\u00fcnstigste Standardlieferung gew\u00e4hlt haben), unverz\u00fcglich und sp\u00e4testens binnen vierzehn Tagen ab dem Tag zur\u00fcckzuzahlen, an dem die Mitteilung \u00fcber Ihren Widerruf dieses Vertrags bei uns eingegangen ist.<\/p>\n<p>F\u00fcr diese R\u00fcckzahlung verwenden wir dasselbe Zahlungsmittel, das Sie bei der urspr\u00fcnglichen Transaktion eingesetzt haben, es sei denn, mit Ihnen wurde ausdr\u00fccklich etwas anderes vereinbart; in keinem Fall werden Ihnen wegen dieser R\u00fcckzahlung Entgelte berechnet.<\/p>\n<p>Wir k\u00f6nnen die R\u00fcckzahlung verweigern, bis wir die Waren wieder zur\u00fcckerhalten haben oder bis Sie den Nachweis erbracht haben, dass Sie die Waren zur\u00fcckgesandt haben, je nachdem, welches der fr\u00fchere Zeitpunkt ist.<\/p>\n<p>Sie haben die Waren unverz\u00fcglich und in jedem Fall sp\u00e4testens binnen vierzehn Tagen ab dem Tag, an dem Sie uns \u00fcber den Widerruf dieses Vertrags unterrichten, an uns zur\u00fcckzusenden oder zu \u00fcbergeben. Die Frist ist gewahrt, wenn Sie die Waren vor Ablauf der Frist von vierzehn Tagen absenden. <\/p>\n<p>Sie tragen die unmittelbaren Kosten der R\u00fccksendung der Waren.<\/p>\n<p>Sie m\u00fcssen f\u00fcr einen etwaigen Wertverlust der Waren nur aufkommen, wenn dieser Wertverlust auf einen zur Pr\u00fcfung der Beschaffenheit, Eigenschaften und Funktionsweise der Waren nicht notwendigen Umgang mit ihnen zur\u00fcckzuf\u00fchren ist.<\/p>\n<p>[\/et_pb_text][et_pb_divider color=&#8221;rgba(41,89,51,0.24)&#8221; _builder_version=&#8221;4.27.4&#8243; _module_preset=&#8221;default&#8221; custom_padding=&#8221;20px||||false|false&#8221; global_colors_info=&#8221;{}&#8221;][\/et_pb_divider][et_pb_text _builder_version=&#8221;4.27.4&#8243; _module_preset=&#8221;default&#8221; text_font=&#8221;|700|||||||&#8221; text_text_color=&#8221;#231f20&#8243; text_font_size=&#8221;24px&#8221; text_line_height=&#8221;32px&#8221; header_2_font=&#8221;|800|||||||&#8221; header_2_text_color=&#8221;#231f20&#8243; header_2_font_size=&#8221;24px&#8221; header_2_line_height=&#8221;32px&#8221; custom_margin=&#8221;||||false|false&#8221; custom_padding=&#8221;||||false|false&#8221; custom_css_free_form=&#8221;.bold{||  font-weight: 900!important;||}||h2.bold.inter {||  position: relative;||  color: #295933;||  display: inline-block;||  padding-left: 20px; \/* space for the border *\/||  padding-bottom:0px!important;||}||||h2.bold.inter::before {||  content: %22%22;||  position: absolute;||  left: 0;||  top: 0;||  bottom: 0;||  width: 8px; \/* border thickness *\/||  background: #295933;||  border-radius: 10px; \/* rounds top and bottom ends *\/||}||||&#8221; border_color_left=&#8221;#295933&#8243; global_colors_info=&#8221;{}&#8221;]<\/p>\n<h2 class=\"bold inter\">Ausschluss bzw. vorzeitiges Erl\u00f6schen des Widerrufsrechts<\/h2>\n<p>[\/et_pb_text][et_pb_text ul_item_indent=&#8221;30px&#8221; _builder_version=&#8221;4.27.4&#8243; _module_preset=&#8221;default&#8221; text_font=&#8221;|300|||||||&#8221; text_text_color=&#8221;#231f20&#8243; text_font_size=&#8221;14px&#8221; text_line_height=&#8221;32px&#8221; custom_css_main_element=&#8221;font-weight: 400;&#8221; custom_css_free_form=&#8221;.light{||  font-size: 14px;||}&#8221; global_colors_info=&#8221;{}&#8221;]<\/p>\n<p>Das Widerrufsrecht besteht nicht bei Vertr\u00e4gen zur Lieferung von Waren, die nach Kundenspezifikation angefertigt werden oder eindeutig auf die pers\u00f6nlichen Bed\u00fcrfnisse zugeschnitten sind.<\/p>\n<p>Das Widerrufsrecht erlischt vorzeitig bei Vertr\u00e4gen zur Lieferung versiegelter Waren, die aus Gr\u00fcnden des Gesundheitsschutzes oder der Hygiene nicht zur R\u00fcckgabe geeignet sind, wenn ihre Versiegelung nach der Lieferung entfernt wurde.<\/p>\n<p>[\/et_pb_text][et_pb_divider color=&#8221;rgba(41,89,51,0.24)&#8221; _builder_version=&#8221;4.27.4&#8243; _module_preset=&#8221;default&#8221; custom_padding=&#8221;20px||||false|false&#8221; global_colors_info=&#8221;{}&#8221;][\/et_pb_divider][et_pb_text _builder_version=&#8221;4.27.4&#8243; _module_preset=&#8221;default&#8221; text_font=&#8221;|700|||||||&#8221; text_text_color=&#8221;#231f20&#8243; text_font_size=&#8221;24px&#8221; text_line_height=&#8221;32px&#8221; header_2_font=&#8221;|800|||||||&#8221; header_2_text_color=&#8221;#231f20&#8243; header_2_font_size=&#8221;24px&#8221; header_2_line_height=&#8221;32px&#8221; custom_margin=&#8221;||||false|false&#8221; custom_padding=&#8221;||||false|false&#8221; custom_css_free_form=&#8221;.bold{||  font-weight: 900!important;||}||h2.bold.inter {||  position: relative;||  color: #295933;||  display: inline-block;||  padding-left: 20px; \/* space for the border *\/||  padding-bottom:0px!important;||}||||h2.bold.inter::before {||  content: %22%22;||  position: absolute;||  left: 0;||  top: 0;||  bottom: 0;||  width: 8px; \/* border thickness *\/||  background: #295933;||  border-radius: 10px; \/* rounds top and bottom ends *\/||}||||&#8221; border_color_left=&#8221;#295933&#8243; global_colors_info=&#8221;{}&#8221;]<\/p>\n<h2 class=\"bold inter\">Muster-Widerrufsformular<\/h2>\n<p>[\/et_pb_text][et_pb_text ul_item_indent=&#8221;30px&#8221; _builder_version=&#8221;4.27.4&#8243; _module_preset=&#8221;default&#8221; text_font=&#8221;|300|||||||&#8221; text_text_color=&#8221;#231f20&#8243; text_font_size=&#8221;14px&#8221; text_line_height=&#8221;32px&#8221; custom_css_main_element=&#8221;font-weight: 400;&#8221; custom_css_free_form=&#8221;.light{||  font-size: 14px;||}&#8221; global_colors_info=&#8221;{}&#8221;]<\/p>\n<p><span>Wenn Sie den Vertrag widerrufen wollen, k\u00f6nnen Sie dieses Formular verwenden:<\/span><\/p>\n<p>[\/et_pb_text][et_pb_text _builder_version=&#8221;4.27.4&#8243; _module_preset=&#8221;default&#8221; text_font=&#8221;|300|||||||&#8221; text_text_color=&#8221;#231f20&#8243; text_font_size=&#8221;14px&#8221; text_line_height=&#8221;24px&#8221; background_color=&#8221;rgba(211,236,220,0.24)&#8221; custom_margin=&#8221;||30px||false|false&#8221; custom_padding=&#8221;20px|20px|20px|20px|true|true&#8221; custom_css_main_element=&#8221;font-weight: 400;&#8221; custom_css_free_form=&#8221;.fw-underline{||height: 30px;||  border-bottom: 1px solid #295933 ;||  margin-bottom: 10px;||}&#8221; border_radii=&#8221;on|15px|15px|15px|15px&#8221; border_width_all=&#8221;1px&#8221; border_color_all=&#8221;rgba(41,89,51,0.5)&#8221; global_colors_info=&#8221;{}&#8221;]<\/p>\n<p class=\"text-xs text-foreground\/60 mb-4 italic\"><em>(Sie k\u00f6nnen dieses Formular ausdrucken, ausf\u00fcllen und an uns senden)<\/em><\/p>\n<p>An:<br \/>\n<strong>ECKO-PACK GmbH<br \/>\nBj\u00f6rn Gallenkamp<br \/>\nWasbeker Str. 324<br \/>\n24537 Neum\u00fcnster<br \/>\nE-Mail: info@no2planet.com<\/strong><\/p>\n<p class=\"mt-6\">Hiermit widerrufe(n) ich\/wir (*) den von mir\/uns (*) abgeschlossenen Vertrag \u00fcber den Kauf der folgenden Waren (*):<\/p>\n<div class=\"fw-underline\"><\/div>\n<p>Bestellt am (*) \/ erhalten am (*):<\/p>\n<div class=\"fw-underline\"><\/div>\n<p>Name des\/der Verbraucher(s):<\/p>\n<div class=\"fw-underline\"><\/div>\n<p>Anschrift des\/der Verbraucher(s):<\/p>\n<div class=\"fw-underline\"><\/div>\n<div class=\"fw-underline\"><\/div>\n<p>Unterschrift des\/der Verbraucher(s) (nur bei Mitteilung auf Papier):<\/p>\n<div class=\"fw-underline\"><\/div>\n<p>Datum:<\/p>\n<div class=\"fw-underline\"><\/div>\n<p><em>(*) Unzutreffendes streichen<\/em>[\/et_pb_text][et_pb_divider color=&#8221;rgba(41,89,51,0.24)&#8221; _builder_version=&#8221;4.27.4&#8243; _module_preset=&#8221;default&#8221; custom_padding=&#8221;20px||||false|false&#8221; global_colors_info=&#8221;{}&#8221;][\/et_pb_divider][et_pb_text _builder_version=&#8221;4.27.4&#8243; _module_preset=&#8221;default&#8221; text_font=&#8221;|300|||||||&#8221; text_text_color=&#8221;#231f20&#8243; text_font_size=&#8221;14px&#8221; text_line_height=&#8221;32px&#8221; text_orientation=&#8221;center&#8221; custom_css_main_element=&#8221;font-weight: 400;&#8221; custom_css_free_form=&#8221;.light{||  font-size: 14px;||}&#8221; global_colors_info=&#8221;{}&#8221;]<span>Stand: Oktober 2025 | ECKO-PACK GmbH | No<\/span><span class=\"dgreen\">2nd<\/span><span>Planet<\/span>[\/et_pb_text][\/et_pb_column][\/et_pb_row][\/et_pb_section]<\/p>\n","protected":false},"excerpt":{"rendered":"<p>WiderrufsbelehrungInformationen zum WiderrufsrechtWichtiger Hinweis Kein Widerrufsrecht f\u00fcr Unternehmer: Das Widerrufsrecht gilt ausschlie\u00dflich f\u00fcr Verbraucher im Sinne des \u00a7 13 BGB. F\u00fcr Unternehmer (\u00a7 14 BGB) besteht kein gesetzliches Widerrufsrecht. &lt;.\/&gt;Widerrufsrecht f\u00fcr VerbraucherSie haben das Recht, binnen vierzehn Tagen ohne Angabe von Gr\u00fcnden diesen Vertrag zu widerrufen. Die Widerrufsfrist betr\u00e4gt vierzehn Tage ab dem Tag, an [&hellip;]<\/p>\n","protected":false},"author":1,"featured_media":0,"parent":0,"menu_order":0,"comment_status":"closed","ping_status":"closed","template":"","meta":{"_et_pb_use_builder":"on","_et_pb_old_content":"","_et_gb_content_width":"","footnotes":""},"class_list":["post-561","page","type-page","status-publish","hentry"],"yoast_head":"<!-- This site is optimized with the Yoast SEO plugin v26.2 - https:\/\/yoast.com\/wordpress\/plugins\/seo\/ -->\n<title>Widerruf - No2ndPlanet<\/title>\n<meta name=\"robots\" content=\"noindex, nofollow\" \/>\n<meta property=\"og:locale\" content=\"en_US\" \/>\n<meta property=\"og:type\" content=\"article\" \/>\n<meta property=\"og:title\" content=\"Widerruf - No2ndPlanet\" \/>\n<meta property=\"og:description\" content=\"WiderrufsbelehrungInformationen zum WiderrufsrechtWichtiger Hinweis Kein Widerrufsrecht f\u00fcr Unternehmer: Das Widerrufsrecht gilt ausschlie\u00dflich f\u00fcr Verbraucher im Sinne des \u00a7 13 BGB. F\u00fcr Unternehmer (\u00a7 14 BGB) besteht kein gesetzliches Widerrufsrecht. &lt;.\/&gt;Widerrufsrecht f\u00fcr VerbraucherSie haben das Recht, binnen vierzehn Tagen ohne Angabe von Gr\u00fcnden diesen Vertrag zu widerrufen. Die Widerrufsfrist betr\u00e4gt vierzehn Tage ab dem Tag, an [&hellip;]\" \/>\n<meta property=\"og:url\" content=\"https:\/\/no2ndplanet.com\/widerruf\/\" \/>\n<meta property=\"og:site_name\" content=\"No2ndPlanet\" \/>\n<meta property=\"article:modified_time\" content=\"2025-10-28T09:58:32+00:00\" \/>\n<meta name=\"twitter:card\" content=\"summary_large_image\" \/>\n<meta name=\"twitter:label1\" content=\"Est. reading time\" \/>\n\t<meta name=\"twitter:data1\" content=\"9 minutes\" \/>\n<script type=\"application\/ld+json\" class=\"yoast-schema-graph\">{\"@context\":\"https:\/\/schema.org\",\"@graph\":[{\"@type\":\"WebPage\",\"@id\":\"https:\/\/no2ndplanet.com\/widerruf\/\",\"url\":\"https:\/\/no2ndplanet.com\/widerruf\/\",\"name\":\"Widerruf - No2ndPlanet\",\"isPartOf\":{\"@id\":\"https:\/\/no2ndplanet.com\/#website\"},\"datePublished\":\"2025-10-24T09:37:44+00:00\",\"dateModified\":\"2025-10-28T09:58:32+00:00\",\"breadcrumb\":{\"@id\":\"https:\/\/no2ndplanet.com\/widerruf\/#breadcrumb\"},\"inLanguage\":\"en-US\",\"potentialAction\":[{\"@type\":\"ReadAction\",\"target\":[\"https:\/\/no2ndplanet.com\/widerruf\/\"]}]},{\"@type\":\"BreadcrumbList\",\"@id\":\"https:\/\/no2ndplanet.com\/widerruf\/#breadcrumb\",\"itemListElement\":[{\"@type\":\"ListItem\",\"position\":1,\"name\":\"Startseite\",\"item\":\"https:\/\/no2ndplanet.com\/en\/\"},{\"@type\":\"ListItem\",\"position\":2,\"name\":\"Widerruf\"}]},{\"@type\":\"WebSite\",\"@id\":\"https:\/\/no2ndplanet.com\/#website\",\"url\":\"https:\/\/no2ndplanet.com\/\",\"name\":\"No2ndPlanet\",\"description\":\"Rewrite the Rulebook of Disposables | Home-Compostable Cutlery\",\"potentialAction\":[{\"@type\":\"SearchAction\",\"target\":{\"@type\":\"EntryPoint\",\"urlTemplate\":\"https:\/\/no2ndplanet.com\/?s={search_term_string}\"},\"query-input\":{\"@type\":\"PropertyValueSpecification\",\"valueRequired\":true,\"valueName\":\"search_term_string\"}}],\"inLanguage\":\"en-US\"}]}<\/script>\n<!-- \/ Yoast SEO plugin. -->","yoast_head_json":{"title":"Widerruf - No2ndPlanet","robots":{"index":"noindex","follow":"nofollow"},"og_locale":"en_US","og_type":"article","og_title":"Widerruf - No2ndPlanet","og_description":"WiderrufsbelehrungInformationen zum WiderrufsrechtWichtiger Hinweis Kein Widerrufsrecht f\u00fcr Unternehmer: Das Widerrufsrecht gilt ausschlie\u00dflich f\u00fcr Verbraucher im Sinne des \u00a7 13 BGB. F\u00fcr Unternehmer (\u00a7 14 BGB) besteht kein gesetzliches Widerrufsrecht. &lt;.\/&gt;Widerrufsrecht f\u00fcr VerbraucherSie haben das Recht, binnen vierzehn Tagen ohne Angabe von Gr\u00fcnden diesen Vertrag zu widerrufen. Die Widerrufsfrist betr\u00e4gt vierzehn Tage ab dem Tag, an [&hellip;]","og_url":"https:\/\/no2ndplanet.com\/widerruf\/","og_site_name":"No2ndPlanet","article_modified_time":"2025-10-28T09:58:32+00:00","twitter_card":"summary_large_image","twitter_misc":{"Est. reading time":"9 minutes"},"schema":{"@context":"https:\/\/schema.org","@graph":[{"@type":"WebPage","@id":"https:\/\/no2ndplanet.com\/widerruf\/","url":"https:\/\/no2ndplanet.com\/widerruf\/","name":"Widerruf - No2ndPlanet","isPartOf":{"@id":"https:\/\/no2ndplanet.com\/#website"},"datePublished":"2025-10-24T09:37:44+00:00","dateModified":"2025-10-28T09:58:32+00:00","breadcrumb":{"@id":"https:\/\/no2ndplanet.com\/widerruf\/#breadcrumb"},"inLanguage":"en-US","potentialAction":[{"@type":"ReadAction","target":["https:\/\/no2ndplanet.com\/widerruf\/"]}]},{"@type":"BreadcrumbList","@id":"https:\/\/no2ndplanet.com\/widerruf\/#breadcrumb","itemListElement":[{"@type":"ListItem","position":1,"name":"Startseite","item":"https:\/\/no2ndplanet.com\/en\/"},{"@type":"ListItem","position":2,"name":"Widerruf"}]},{"@type":"WebSite","@id":"https:\/\/no2ndplanet.com\/#website","url":"https:\/\/no2ndplanet.com\/","name":"No2ndPlanet","description":"Rewrite the Rulebook of Disposables | Home-Compostable Cutlery","potentialAction":[{"@type":"SearchAction","target":{"@type":"EntryPoint","urlTemplate":"https:\/\/no2ndplanet.com\/?s={search_term_string}"},"query-input":{"@type":"PropertyValueSpecification","valueRequired":true,"valueName":"search_term_string"}}],"inLanguage":"en-US"}]}},"_links":{"self":[{"href":"https:\/\/no2ndplanet.com\/en\/wp-json\/wp\/v2\/pages\/561","targetHints":{"allow":["GET"]}}],"collection":[{"href":"https:\/\/no2ndplanet.com\/en\/wp-json\/wp\/v2\/pages"}],"about":[{"href":"https:\/\/no2ndplanet.com\/en\/wp-json\/wp\/v2\/types\/page"}],"author":[{"embeddable":true,"href":"https:\/\/no2ndplanet.com\/en\/wp-json\/wp\/v2\/users\/1"}],"replies":[{"embeddable":true,"href":"https:\/\/no2ndplanet.com\/en\/wp-json\/wp\/v2\/comments?post=561"}],"version-history":[{"count":4,"href":"https:\/\/no2ndplanet.com\/en\/wp-json\/wp\/v2\/pages\/561\/revisions"}],"predecessor-version":[{"id":878,"href":"https:\/\/no2ndplanet.com\/en\/wp-json\/wp\/v2\/pages\/561\/revisions\/878"}],"wp:attachment":[{"href":"https:\/\/no2ndplanet.com\/en\/wp-json\/wp\/v2\/media?parent=561"}],"curies":[{"name":"wp","href":"https:\/\/api.w.org\/{rel}","templated":true}]}}